{"id":9527,"date":"2024-02-04T17:40:45","date_gmt":"2024-02-04T16:40:45","guid":{"rendered":"https:\/\/at-mallorca.com\/pie-de-imprenta\/"},"modified":"2026-03-05T10:45:30","modified_gmt":"2026-03-05T09:45:30","slug":"pie-de-imprenta","status":"publish","type":"page","link":"https:\/\/at-mallorca.com\/es\/pie-de-imprenta\/","title":{"rendered":"Aviso Legal"},"content":{"rendered":"<p><div class=\"fusion-fullwidth fullwidth-box fusion-builder-row-1 fusion-flex-container fusion-parallax-none nonhundred-percent-fullwidth non-hundred-percent-height-scrolling lazyload\" style=\"--awb-background-position:left top;--awb-background-repeat:repeat-x;--awb-border-sizes-bottom:0px;--awb-border-radius-top-left:0px;--awb-border-radius-top-right:0px;--awb-border-radius-bottom-right:0px;--awb-border-radius-bottom-left:0px;--awb-margin-top:0px;--awb-margin-bottom:100px;--awb-flex-wrap:wrap;\" data-bg=\"https:\/\/buggy-mallorca.com\/wp-content\/uploads\/2021\/09\/particles-bg1.png\" ><div class=\"fusion-builder-row fusion-row fusion-flex-align-items-flex-start fusion-flex-content-wrap\" style=\"max-width:1248px;margin-left: calc(-4% \/ 2 );margin-right: calc(-4% \/ 2 );\"><div class=\"fusion-layout-column fusion_builder_column fusion-builder-column-0 fusion_builder_column_1_1 1_1 fusion-flex-column\" style=\"--awb-bg-size:cover;--awb-width-large:100%;--awb-margin-top-large:16px;--awb-spacing-right-large:1.92%;--awb-margin-bottom-large:0px;--awb-spacing-left-large:1.92%;--awb-width-medium:100%;--awb-order-medium:0;--awb-spacing-right-medium:1.92%;--awb-spacing-left-medium:1.92%;--awb-width-small:100%;--awb-order-small:0;--awb-spacing-right-small:1.92%;--awb-spacing-left-small:1.92%;\"><div class=\"fusion-column-wrapper fusion-column-has-shadow fusion-flex-justify-content-flex-start fusion-content-layout-column\"><div class=\"fusion-title title fusion-title-1 fusion-sep-none fusion-title-text fusion-title-size-one\"><h1 class=\"fusion-title-heading title-heading-left fusion-responsive-typography-calculated\" style=\"margin:0;--fontSize:60;line-height:var(--awb-typography1-line-height);\">Aviso Legal<\/h1><\/div><div class=\"fusion-text fusion-text-1\"><p style=\"text-align: center;\">Adventure Tours Mallorca S.L.<\/p>\n<p style=\"text-align: center;\">Carrer de Can Calafat 60, 07199 Son Oms Illes Baleares, Espa\u00f1a<\/p>\n<p style=\"text-align: center;\">NIF: B67682914 \/ Signatura Tur\u00edstica TA\/121<\/p>\n<p style=\"text-align: center;\">T +34 611 251 467<\/p>\n<p style=\"text-align: center;\">info@adventure-tours-mallorca.com<\/p>\n<p style=\"text-align: center;\">Frank Asslaber \/ Thorsten Kratschke<\/p>\n<h2 class=\"fusion-responsive-typography-calculated\" style=\"--fontsize: 48; line-height: 1.18;\" data-fontsize=\"48\" data-lineheight=\"56.64px\">Responsabilidad por los contenidos<\/h2>\n<p>El contenido de nuestras p\u00e1ginas se ha creado con el mayor cuidado. Sin embargo, no podemos asumir ninguna responsabilidad por la exactitud, integridad y actualidad de los contenidos. Como proveedor de servicios, estamos obligados en virtud del art\u00edculo 7, apartado 1, a TMG es responsable de su propio contenido en estas p\u00e1ginas de acuerdo con las leyes generales. Sin embargo, seg\u00fan los art\u00edculos 8 a 10 de la TMG, como proveedores de servicios no estamos obligados a supervisar la informaci\u00f3n de terceros transmitida o almacenada ni a investigar circunstancias que indiquen una actividad ilegal. Esto no afecta a las obligaciones de eliminar o bloquear el uso de informaci\u00f3n de conformidad con la legislaci\u00f3n general. Sin embargo, la responsabilidad a este respecto s\u00f3lo es posible a partir del momento en que se tiene conocimiento de una infracci\u00f3n concreta. En cuanto tengamos conocimiento de tales infracciones, eliminaremos inmediatamente estos contenidos.<\/p>\n<h2 class=\"fusion-responsive-typography-calculated\" style=\"--fontsize: 48; line-height: 1.18;\" data-fontsize=\"48\" data-lineheight=\"56.64px\">Responsabilidad de los enlaces<\/h2>\n<div class=\"columngrid\">\n<p>Nuestro sitio web contiene enlaces a sitios web externos de terceros sobre cuyo contenido no tenemos ninguna influencia. Por lo tanto, no podemos aceptar ninguna responsabilidad por este contenido de terceros. El respectivo proveedor u operador de las p\u00e1ginas es siempre responsable del contenido de las p\u00e1ginas enlazadas. En el momento de establecer el enlace, se comprob\u00f3 que las p\u00e1ginas enlazadas no infringieran la ley. Los contenidos ilegales no eran reconocibles en el momento del enlace. Sin embargo, el control permanente del contenido de las p\u00e1ginas enlazadas no es razonable sin pruebas concretas de una infracci\u00f3n. Si tenemos conocimiento de alguna infracci\u00f3n legal, eliminaremos dichos enlaces inmediatamente.<\/p>\n<h2 class=\"fusion-responsive-typography-calculated\" style=\"--fontsize: 48; line-height: 1.18;\" data-fontsize=\"48\" data-lineheight=\"56.64px\">Derechos de autor<\/h2>\n<div class=\"columngrid\">\n<p>Los contenidos y obras creados por los operadores del sitio en estas p\u00e1ginas est\u00e1n sujetos a la legislaci\u00f3n alemana sobre derechos de autor. La reproducci\u00f3n, edici\u00f3n, distribuci\u00f3n y cualquier tipo de utilizaci\u00f3n fuera de los l\u00edmites de la ley de propiedad intelectual requieren el consentimiento por escrito del autor o creador correspondiente. Las descargas y copias de este sitio s\u00f3lo est\u00e1n permitidas para uso privado y no comercial. En la medida en que el contenido de este sitio no haya sido creado por el operador, se respetan los derechos de autor de terceros. En particular, los contenidos de terceros se etiquetan como tales. No obstante, si tiene conocimiento de una infracci\u00f3n de los derechos de autor, le rogamos que nos lo comunique. Si tenemos conocimiento de alguna infracci\u00f3n legal, eliminaremos dicho contenido inmediatamente.<\/p>\n<\/div>\n<\/div>\n<\/div><\/div><\/div><\/div><\/div><div class=\"fusion-fullwidth fullwidth-box fusion-builder-row-2 fusion-flex-container hundred-percent-fullwidth non-hundred-percent-height-scrolling\" style=\"--awb-border-radius-top-left:0px;--awb-border-radius-top-right:0px;--awb-border-radius-bottom-right:0px;--awb-border-radius-bottom-left:0px;--awb-margin-top:0px;--awb-flex-wrap:wrap;\" ><div class=\"fusion-builder-row fusion-row fusion-flex-align-items-flex-start fusion-flex-content-wrap\" style=\"width:104% !important;max-width:104% !important;margin-left: calc(-4% \/ 2 );margin-right: calc(-4% \/ 2 );\"><div class=\"fusion-layout-column fusion_builder_column fusion-builder-column-1 fusion_builder_column_1_1 1_1 fusion-flex-column\" style=\"--awb-bg-size:cover;--awb-width-large:100%;--awb-margin-top-large:16px;--awb-spacing-right-large:1.92%;--awb-margin-bottom-large:16px;--awb-spacing-left-large:1.92%;--awb-width-medium:100%;--awb-order-medium:0;--awb-spacing-right-medium:1.92%;--awb-spacing-left-medium:1.92%;--awb-width-small:100%;--awb-order-small:0;--awb-spacing-right-small:1.92%;--awb-spacing-left-small:1.92%;\"><div class=\"fusion-column-wrapper fusion-column-has-shadow fusion-flex-justify-content-flex-start fusion-content-layout-column\"><div class=\"fusion-section-separator section-separator splash fusion-section-separator-1\" style=\"--awb-spacer-height:65px;--awb-svg-margin-left:1.92%;--awb-svg-margin-right:1.92%;--awb-svg-margin-left-medium:1.92%;--awb-svg-margin-right-medium:1.92%;--awb-svg-margin-left-small:1.92%;--awb-svg-margin-right-small:1.92%;--awb-bg-size:100% 100%;--awb-bg-size-medium:100% 100%;--awb-bg-size-small:100% 100%;--awb-margin-top:-60px;\"><div class=\"fusion-section-separator-svg\"><div class=\"fusion-splash-candy-sep fusion-section-separator-svg-bg\" style=\"background-image:url( data:image\/svg+xml;utf8,%3Csvg%20xmlns%3D%22http%3A%2F%2Fwww.w3.org%2F2000%2Fsvg%22%20version%3D%221.1%22%20width%3D%22100%25%22%20viewBox%3D%220%200%20330%2065.34%22%20preserveAspectRatio%3D%22none%22%20fill%3D%22rgba%28255%2C255%2C255%2C1%29%22%3E%3Cpath%20d%3D%22M275.42%2C351.54c1.21-.89%2C1.91-.67%2C2.09.66-1.22.89-1.92.67-2.09-.66Z%22%20transform%3D%22translate%28-31%20-351%29%22%2F%3E%3Cpath%20d%3D%22M249.07%2C361.49a15%2C15%2C0%2C0%2C1%2C6.42-1.17c-1.51%2C2.59-4.81%2C2.23-7.33%2C2.82l.91-1.65Z%22%20transform%3D%22translate%28-31%20-351%29%22%2F%3E%3Cpath%20d%3D%22M282.66%2C364.9c1.2-2.87%2C4.9-1.91%2C7.35-2-1.41%2C2.63-4.9%2C1.75-7.35%2C2Z%22%20transform%3D%22translate%28-31%20-351%29%22%2F%3E%3Cpath%20d%3D%22M207.69%2C370.55c.38-4.18%2C5.48-5.1%2C8.81-4.13-2.05%2C2.82-5.67%2C3.31-8.81%2C4.13Z%22%20transform%3D%22translate%28-31%20-351%29%22%2F%3E%3Cpath%20d%3D%22M266.83%2C371.61a5.8%2C5.8%2C0%2C0%2C1%2C4.92.15c-2.68%2C1.71-5.86%2C2.14-8.95%2C2.36.18-2.09%2C2.5-2%2C4-2.51Z%22%20transform%3D%22translate%28-31%20-351%29%22%2F%3E%3Cpath%20d%3D%22M196%2C374.49c2.92-1.63.26%2C3.28%2C0%2C0Z%22%20transform%3D%22translate%28-31%20-351%29%22%2F%3E%3Cpath%20d%3D%22M241.12%2C378.52a11.35%2C11.35%2C0%2C0%2C1%2C8.46-3.81%2C42%2C42%2C0%2C0%2C1-3.76%2C3.17c.42.6.85%2C1.19%2C1.28%2C1.79l-1.55%2C2.76a26.22%2C26.22%2C0%2C0%2C0%2C8-1.13c-.07.43-.23%2C1.28-.3%2C1.71l2.57.84A168%2C168%2C0%2C0%2C1%2C240%2C390.66c-.55%2C1.52.95%2C2.09%2C2.09%2C2.55%2C3.26-.71%2C6.62-.16%2C9.82-1.22v-2.65l3.13-.16c0%2C.53%2C0%2C1.59-.07%2C2.13%2C3.13-1.13%2C6.44-1.66%2C9.58-2.74%2C2.92-1.16%2C6.49-.84%2C8.79-3.27-.07.71-.19%2C2.13-.25%2C2.84%2C1.27.14%2C2.55.25%2C3.83.32.05-1.25.11-2.49.18-3.74%2C1.36.31%2C2.73.63%2C4.12.91l2.79-.54-1.28%2C1c-1.32.4-2.65.77-4%2C1.08.41%2C1.11.86%2C2.21%2C1.34%2C3.3l-2.07-.2.08%2C3.09c3.1%2C0%2C6.19-.06%2C9.28-.2l-.4%2C1.64c1.78.55%2C2.55%2C2.27%2C3.53%2C3.69%2C3.83-1.64%2C7.63.1%2C11.57-.07%2C0%2C1.72%2C0%2C3.43%2C0%2C5.15%2C2.13-.47%2C4.24-1.05%2C6.36-1.58a4.39%2C4.39%2C0%2C0%2C1%2C3-2.09c.95-.69%2C1.8-1.72%2C3.1-1.62.29.55.89%2C1.66%2C1.19%2C2.21a14.11%2C14.11%2C0%2C0%2C1%2C6%2C2.29c1.62-1.63%2C3.72-1.34%2C5.77-.93.36.35%2C1.06%2C1%2C1.41%2C1.41%2C1.8%2C0%2C3.6%2C0%2C5.4%2C0%2C2.18-2.06%2C4.92%2C0%2C7.28.56l.83%2C2.72%2C2.76.56%2C3.49-1.66-.63%2C1.23a6%2C6%2C0%2C0%2C1%2C3.79.47l1.56-1.66%2C1.84%2C2.37c1.07-1.19%2C2.08-2.43%2C3.08-3.69l2.73.25v11.93H31v-8.93l4.18-1.64c-.06.62-.17%2C1.87-.23%2C2.49l3.48.05c.57-1%2C1.16-2%2C1.75-3%2C.66.83%2C1.32%2C1.66%2C2%2C2.48%2C1-1.09%2C2-2.22%2C3-3.37%2C1.49-.18%2C3-.39%2C4.46-.64.51-2.17%2C1.29-4.31%2C1.17-6.57%2C1-.43%2C2.07-.85%2C3.11-1.26l.24%2C2.75c1.37-.79%2C2.7-1.64%2C4-2.47.32.53%2C1%2C1.59%2C1.31%2C2.12A47.42%2C47.42%2C0%2C0%2C0%2C67%2C396.05a16.74%2C16.74%2C0%2C0%2C0-1-4.68l1.52-.52a21.5%2C21.5%2C0%2C0%2C0%2C2.52%2C4.79c3.87-2.26%2C8.57-3.75%2C11-7.78%2C0%2C.69-.15%2C2.08-.19%2C2.77%2C1.42-.25%2C2.85-.45%2C4.29-.57-2.39%2C1.71-5.72.37-8%2C2.3a2%2C2%2C0%2C0%2C0%2C0%2C3.68c-.08%2C1.07-.15%2C2.15-.23%2C3.23l2.37-.65L79%2C400.79c3.17-1.38%2C5.34-4.75%2C9-4.84%2C0-.6-.15-1.8-.21-2.4a26.51%2C26.51%2C0%2C0%2C0%2C7.78-4.36c.44%2C2%2C1%2C4%2C1.55%2C6%2C1.73%2C0%2C3.45.07%2C5.18.1a3.46%2C3.46%2C0%2C0%2C0-2.3-3.09l2.69-.86c-.9-2.29%2C1.19-2.78%2C2.86-3.37.49.69%2C1.49%2C2.06%2C2%2C2.75q2-1%2C3.9-2.18c1.39-.47%2C2.77-.94%2C4.17-1.39.12-3.77%2C4.26-2.28%2C6.67-2.41-1.68.19-3.36.32-5%2C.46.14%2C3%2C2.73%2C1.78%2C4.41%2C1.91l.18.34c-1.17.11-2.35.22-3.52.35a7.93%2C7.93%2C0%2C0%2C1-2.17%2C5.21c-.07-.67-.22-2-.29-2.67-2%2C.05-3.93.09-5.9.1v2.12l-3-.11c.05.53.17%2C1.58.22%2C2.11l2.39%2C1.79%2C2.14-.6c1.74.65%2C5.41-.52%2C4.51%2C2.6h4.33c.23-2.9%2C3.32-2.26%2C5.35-2%2C.14-1.5.31-3%2C.51-4.48%2C1.6.37%2C3.21.73%2C4.82%2C1.08l-3.15.43c-.48%2C1.31-1%2C2.63-1.38%2C4%2C5.42%2C0%2C10.85-.63%2C16.24.09l.12-2.89%2C1.49%2C2.94c1.88-1.32%2C3.9-2.44%2C6.28-2.31.55.87%2C1.11%2C1.74%2C1.67%2C2.6-1.49-.15-3-.28-4.49-.42%2C0%2C.68%2C0%2C2%2C0%2C2.72%2C1.24.33%2C2.48.72%2C3.7%2C1.16l1.51%2C0a16.26%2C16.26%2C0%2C0%2C1%2C4.86-1.56c-.14-1.51-.3-3-.52-4.52a10.34%2C10.34%2C0%2C0%2C1%2C3.33-2.2c.05-1.46.12-2.91.21-4.36%2C1.41.38%2C2.84.76%2C4.23%2C1.24l-3.85-.2c.74%2C1%2C1.53%2C2%2C2.34%2C3l3.63-1.26-2.73%2C1.76c.91%2C1.82%2C2%2C3.57%2C2.81%2C5.44a12.57%2C12.57%2C0%2C0%2C1%2C7.49-.76c.56-1.27%2C1.12-1%2C1.53.54l4.41.07.13-1.58%2C2.24.44c1.43-.69%2C2.92-1.27%2C4.4-1.87.09.73.28%2C2.19.37%2C2.91l2.4.84c-.16.81-.49%2C2.43-.66%2C3.24H194c0-.59-.12-1.76-.17-2.34l3.62%2C1%2C1.8-2.43c-.26%2C1.79-.62%2C3.56-1%2C5.32q1.71-1.17%2C3.33-2.49l2.35-.26c0-.78%2C0-2.32.06-3.1l-1.57%2C1%2C.31-1.19L199.2%2C396l3.87%2C1-.08-1.51-3.31-.33a9%2C9%2C0%2C0%2C1%2C6.85-1.7c.7-1.72-.53-3.07-1.65-4.22%2C1.67.85%2C3.23%2C1.9%2C4.88%2C2.81a4.11%2C4.11%2C0%2C0%2C0-3.08%2C4.3c1.87-.09%2C3.75-.21%2C5.64-.23%2C1.19%2C2.82%2C3.15-.1%2C4.65-.69q-.3-1.38-.51-2.76a62%2C62%2C0%2C0%2C1%2C7%2C2.81%2C11.28%2C11.28%2C0%2C0%2C0%2C4-3.68c2.8-2.21%2C5.53-4.54%2C8.15-7l-2.53-.26c.95-.5%2C1.9-1%2C2.86-1.49%2C0-.62-.08-1.85-.1-2.46%2C1.74-.7%2C3.48-1.4%2C5.24-2.06Z%22%20transform%3D%22translate%28-31%20-351%29%22%2F%3E%3Cpath%20d%3D%22M224.78%2C378.53a20.92%2C20.92%2C0%2C0%2C1%2C5-2.88l.51%2C1.49a24.44%2C24.44%2C0%2C0%2C1-5.49%2C1.39Z%22%20transform%3D%22translate%28-31%20-351%29%22%2F%3E%3Cpath%20d%3D%22M263.84%2C378.63c3.08-.55%2C5.68-2.38%2C8.53-3.57-.1%2C1.74-.27%2C3.47-.24%2C5.21l-1.16.22c0-.57%2C0-1.71%2C0-2.28-2.65-.47-4.87%2C1.38-3.91%2C4.13l-1.31%2C0c.07-.5.2-1.51.27-2-2%2C.1-4%2C.17-6%2C.08a9.17%2C9.17%2C0%2C0%2C1%2C3.81-1.79Z%22%20transform%3D%22translate%28-31%20-351%29%22%2F%3E%3Cpath%20d%3D%22M99.18%2C376.36c3-1.3-.22%2C3.36%2C0%2C0Z%22%20transform%3D%22translate%28-31%20-351%29%22%2F%3E%3Cpath%20d%3D%22M116.72%2C380c-.11-1.3-.45-3.65%2C1.32-3.95%2C2.52.55.22%2C3.78-1.32%2C3.95Z%22%20transform%3D%22translate%28-31%20-351%29%22%2F%3E%3Cpath%20d%3D%22M104.08%2C381.55c-2.44.41-3.4-2.62-.89-3.26l2%2C2.83-.61%2C1.37c1.75.21%2C4%2C0%2C3.75-2.32%2C2.22-.68%2C4.47-1.24%2C6.7-1.88-.83%2C1-1.66%2C2.08-2.43%2C3.16l-2%2C.26c-2%2C1.6-4.67%2C1.33-7%2C2l.57-2.15Z%22%20transform%3D%22translate%28-31%20-351%29%22%2F%3E%3Cpath%20d%3D%22M324.12%2C380.12c.37-1.23%2C1.19-1.42%2C2.47-.57-.4%2C1.22-1.22%2C1.41-2.47.57Z%22%20transform%3D%22translate%28-31%20-351%29%22%2F%3E%3Cpath%20d%3D%22M82.11%2C382.19c-.34-1.3%2C1.77-2.24%2C2.76-1.65.3%2C1.24-1.78%2C2.25-2.76%2C1.65Z%22%20transform%3D%22translate%28-31%20-351%29%22%2F%3E%3Cpolygon%20points%3D%22107.19%2029.5%20107.86%2029.52%20107.85%2030.18%20107.18%2030.18%20107.19%2029.5%20107.19%2029.5%22%2F%3E%3Cpath%20d%3D%22M190.11%2C380.45c2.84-1.78.43%2C3.29%2C0%2C0Z%22%20transform%3D%22translate%28-31%20-351%29%22%2F%3E%3Cpath%20d%3D%22M225.11%2C382c1.71%2C0%2C2.49.9%2C2.08%2C2.63%2C1.8-.44%2C3.24-1.65%2C4.93-2.37-.72%2C3.61-4.73%2C4.33-7.44%2C5.94.19-2.06.32-4.13.43-6.2Z%22%20transform%3D%22translate%28-31%20-351%29%22%2F%3E%3Cpath%20d%3D%22M74.59%2C387.76c.67-1.58%2C1.24-3.62%2C3.27-3.83-.69%2C2-.94%2C4.29-2.44%2C5.94-1.36-.06-3%2C.17-3.94-1.1l3.11-1Z%22%20transform%3D%22translate%28-31%20-351%29%22%2F%3E%3Cpath%20d%3D%22M124.11%2C384.49c2.84%2C1.06%2C6%2C.78%2C8.78%2C1.85l2.56-.52c-.18.78-.36%2C1.56-.53%2C2.34l-3.43.82a32.41%2C32.41%2C0%2C0%2C0-1.15-3.17c-2.21.24-4.5.24-6.23-1.32Z%22%20transform%3D%22translate%28-31%20-351%29%22%2F%3E%3Cpath%20d%3D%22M306.29%2C386.17c1.11-.57%2C2.26-1.08%2C3.39-1.62l-1%2C2.75%2C3.23%2C0%2C.2%2C2.09-4.4-.07c.29.9.59%2C1.79.91%2C2.68l-2.94.36c1.36-2.94-1.53-4.63-4.12-3.71a10.68%2C10.68%2C0%2C0%2C1-4.17%2C1c1-1.44%2C2.21-2.66%2C4.06-2.71%2C1.44-1.13%2C3.07-1.78%2C4.8-.76Z%22%20transform%3D%22translate%28-31%20-351%29%22%2F%3E%3Cpath%20d%3D%22M109.24%2C385.53c1.17-.9%2C1.87-.69%2C2.1.62-1.19.93-1.88.73-2.1-.62Z%22%20transform%3D%22translate%28-31%20-351%29%22%2F%3E%3Cpath%20d%3D%22M164.68%2C387.68c.54-1.46%2C2.95-.62%2C3.91.07l-.06.35c-1.08.71-3.16.92-3.85-.42Z%22%20transform%3D%22translate%28-31%20-351%29%22%2F%3E%3Cpath%20d%3D%22M67.1%2C388.8c-.08-1.48%2C2.43-2.38%2C3.55-1.54%2C0%2C1.53-2.41%2C1.85-3.55%2C1.54Z%22%20transform%3D%22translate%28-31%20-351%29%22%2F%3E%3Cpath%20d%3D%22M169.24%2C389.42c1.51-.32%2C3.27.55%2C4.51%2C1.38-.44%2C1.85-5.18.54-4.51-1.38Z%22%20transform%3D%22translate%28-31%20-351%29%22%2F%3E%3Cpath%20d%3D%22M216.48%2C389.45c3-1.56.24%2C3.23%2C0%2C0Z%22%20transform%3D%22translate%28-31%20-351%29%22%2F%3E%3Cpath%20d%3D%22M296.92%2C392.93c.79-1.75%2C2.82-1.48%2C4.41-1.55-.73%2C1.95-2.82%2C1.46-4.41%2C1.55Z%22%20transform%3D%22translate%28-31%20-351%29%22%2F%3E%3Cpath%20d%3D%22M309.91%2C393a4.73%2C4.73%2C0%2C0%2C1%2C5.36%2C0%2C6.08%2C6.08%2C0%2C0%2C1-5.36%2C0Z%22%20transform%3D%22translate%28-31%20-351%29%22%2F%3E%3Cpath%20d%3D%22M190.82%2C393.34H192v1.44a47.93%2C47.93%2C0%2C0%2C1%2C5.17%2C1.08%2C12.81%2C12.81%2C0%2C0%2C1-5.26.47c-.37-1-.73-2-1.09-3Z%22%20transform%3D%22translate%28-31%20-351%29%22%2F%3E%3Cpath%20d%3D%22M302.67%2C397.29c-.09-3.19%2C3.24.39%2C2.94%2C1.75a2.69%2C2.69%2C0%2C0%2C1-2.65-.94l-.29-.81Z%22%20transform%3D%22translate%28-31%20-351%29%22%2F%3E%3Cpath%20d%3D%22M322%2C397.55c4.56-2.18%2C8.87.88%2C13.31%2C1.65-2%2C2.41-5.52.93-7.78-.33-1.87-.35-3.71-.8-5.53-1.32Z%22%20transform%3D%22translate%28-31%20-351%29%22%2F%3E%3Cpath%20d%3D%22M343.24%2C397.31c2.13-.07%2C4.57-.12%2C6.2%2C1.5-2.14%2C0-4.56.19-6.2-1.5Z%22%20transform%3D%22translate%28-31%20-351%29%22%2F%3E%3C%2Fsvg%3E );height:65px;\"><\/div><\/div><div class=\"fusion-section-separator-spacer\"><div class=\"fusion-section-separator-spacer-height\"><\/div><\/div><\/div><\/div><\/div><\/div><\/div><\/p>\n","protected":false},"excerpt":{"rendered":"","protected":false},"author":1,"featured_media":0,"parent":0,"menu_order":0,"comment_status":"closed","ping_status":"closed","template":"100-width.php","meta":{"_acf_changed":false,"footnotes":""},"class_list":["post-9527","page","type-page","status-publish","hentry"],"acf":[],"yoast_head":"<!-- This site is optimized with the Yoast SEO plugin v27.0 - https:\/\/yoast.com\/product\/yoast-seo-wordpress\/ -->\n<title>Aviso Legal - at-mallorca.com<\/title>\n<meta name=\"robots\" content=\"index, follow, max-snippet:-1, max-image-preview:large, max-video-preview:-1\" \/>\n<link rel=\"canonical\" href=\"https:\/\/at-mallorca.com\/es\/pie-de-imprenta\/\" \/>\n<meta property=\"og:locale\" content=\"es_ES\" \/>\n<meta property=\"og:type\" content=\"article\" \/>\n<meta property=\"og:title\" content=\"Aviso Legal - at-mallorca.com\" \/>\n<meta property=\"og:url\" content=\"https:\/\/at-mallorca.com\/es\/pie-de-imprenta\/\" \/>\n<meta property=\"og:site_name\" content=\"at-mallorca.com\" \/>\n<meta property=\"article:publisher\" content=\"https:\/\/www.facebook.com\/AdventureToursMallorca\" \/>\n<meta property=\"article:modified_time\" content=\"2026-03-05T09:45:30+00:00\" \/>\n<meta name=\"twitter:card\" content=\"summary_large_image\" \/>\n<meta name=\"twitter:label1\" content=\"Tiempo de lectura\" \/>\n\t<meta name=\"twitter:data1\" content=\"2 minutos\" \/>\n<script type=\"application\/ld+json\" class=\"yoast-schema-graph\">{\"@context\":\"https:\/\/schema.org\",\"@graph\":[{\"@type\":\"WebPage\",\"@id\":\"https:\/\/at-mallorca.com\/es\/pie-de-imprenta\/\",\"url\":\"https:\/\/at-mallorca.com\/es\/pie-de-imprenta\/\",\"name\":\"Aviso Legal - at-mallorca.com\",\"isPartOf\":{\"@id\":\"https:\/\/at-mallorca.com\/#website\"},\"datePublished\":\"2024-02-04T16:40:45+00:00\",\"dateModified\":\"2026-03-05T09:45:30+00:00\",\"breadcrumb\":{\"@id\":\"https:\/\/at-mallorca.com\/es\/pie-de-imprenta\/#breadcrumb\"},\"inLanguage\":\"es\",\"potentialAction\":[{\"@type\":\"ReadAction\",\"target\":[\"https:\/\/at-mallorca.com\/es\/pie-de-imprenta\/\"]}]},{\"@type\":\"BreadcrumbList\",\"@id\":\"https:\/\/at-mallorca.com\/es\/pie-de-imprenta\/#breadcrumb\",\"itemListElement\":[{\"@type\":\"ListItem\",\"position\":1,\"name\":\"Startseite\",\"item\":\"https:\/\/at-mallorca.com\/es\/\"},{\"@type\":\"ListItem\",\"position\":2,\"name\":\"Aviso Legal\"}]},{\"@type\":\"WebSite\",\"@id\":\"https:\/\/at-mallorca.com\/#website\",\"url\":\"https:\/\/at-mallorca.com\/\",\"name\":\"at-mallorca.com\",\"description\":\"Adventure Tours Mallorca\",\"publisher\":{\"@id\":\"https:\/\/at-mallorca.com\/#organization\"},\"alternateName\":\"AT Mallorca\",\"potentialAction\":[{\"@type\":\"SearchAction\",\"target\":{\"@type\":\"EntryPoint\",\"urlTemplate\":\"https:\/\/at-mallorca.com\/?s={search_term_string}\"},\"query-input\":{\"@type\":\"PropertyValueSpecification\",\"valueRequired\":true,\"valueName\":\"search_term_string\"}}],\"inLanguage\":\"es\"},{\"@type\":\"Organization\",\"@id\":\"https:\/\/at-mallorca.com\/#organization\",\"name\":\"Adventure Tours Mallorca\",\"url\":\"https:\/\/at-mallorca.com\/\",\"logo\":{\"@type\":\"ImageObject\",\"inLanguage\":\"es\",\"@id\":\"https:\/\/at-mallorca.com\/#\/schema\/logo\/image\/\",\"url\":\"https:\/\/at-mallorca.com\/wp-content\/uploads\/2024\/01\/Logo-Final.png\",\"contentUrl\":\"https:\/\/at-mallorca.com\/wp-content\/uploads\/2024\/01\/Logo-Final.png\",\"width\":501,\"height\":183,\"caption\":\"Adventure Tours Mallorca\"},\"image\":{\"@id\":\"https:\/\/at-mallorca.com\/#\/schema\/logo\/image\/\"},\"sameAs\":[\"https:\/\/www.facebook.com\/AdventureToursMallorca\",\"https:\/\/www.instagram.com\/adventuretoursmallorca\/\"]}]}<\/script>\n<!-- \/ Yoast SEO plugin. -->","yoast_head_json":{"title":"Aviso Legal - at-mallorca.com","robots":{"index":"index","follow":"follow","max-snippet":"max-snippet:-1","max-image-preview":"max-image-preview:large","max-video-preview":"max-video-preview:-1"},"canonical":"https:\/\/at-mallorca.com\/es\/pie-de-imprenta\/","og_locale":"es_ES","og_type":"article","og_title":"Aviso Legal - at-mallorca.com","og_url":"https:\/\/at-mallorca.com\/es\/pie-de-imprenta\/","og_site_name":"at-mallorca.com","article_publisher":"https:\/\/www.facebook.com\/AdventureToursMallorca","article_modified_time":"2026-03-05T09:45:30+00:00","twitter_card":"summary_large_image","twitter_misc":{"Tiempo de lectura":"2 minutos"},"schema":{"@context":"https:\/\/schema.org","@graph":[{"@type":"WebPage","@id":"https:\/\/at-mallorca.com\/es\/pie-de-imprenta\/","url":"https:\/\/at-mallorca.com\/es\/pie-de-imprenta\/","name":"Aviso Legal - at-mallorca.com","isPartOf":{"@id":"https:\/\/at-mallorca.com\/#website"},"datePublished":"2024-02-04T16:40:45+00:00","dateModified":"2026-03-05T09:45:30+00:00","breadcrumb":{"@id":"https:\/\/at-mallorca.com\/es\/pie-de-imprenta\/#breadcrumb"},"inLanguage":"es","potentialAction":[{"@type":"ReadAction","target":["https:\/\/at-mallorca.com\/es\/pie-de-imprenta\/"]}]},{"@type":"BreadcrumbList","@id":"https:\/\/at-mallorca.com\/es\/pie-de-imprenta\/#breadcrumb","itemListElement":[{"@type":"ListItem","position":1,"name":"Startseite","item":"https:\/\/at-mallorca.com\/es\/"},{"@type":"ListItem","position":2,"name":"Aviso Legal"}]},{"@type":"WebSite","@id":"https:\/\/at-mallorca.com\/#website","url":"https:\/\/at-mallorca.com\/","name":"at-mallorca.com","description":"Adventure Tours Mallorca","publisher":{"@id":"https:\/\/at-mallorca.com\/#organization"},"alternateName":"AT Mallorca","potentialAction":[{"@type":"SearchAction","target":{"@type":"EntryPoint","urlTemplate":"https:\/\/at-mallorca.com\/?s={search_term_string}"},"query-input":{"@type":"PropertyValueSpecification","valueRequired":true,"valueName":"search_term_string"}}],"inLanguage":"es"},{"@type":"Organization","@id":"https:\/\/at-mallorca.com\/#organization","name":"Adventure Tours Mallorca","url":"https:\/\/at-mallorca.com\/","logo":{"@type":"ImageObject","inLanguage":"es","@id":"https:\/\/at-mallorca.com\/#\/schema\/logo\/image\/","url":"https:\/\/at-mallorca.com\/wp-content\/uploads\/2024\/01\/Logo-Final.png","contentUrl":"https:\/\/at-mallorca.com\/wp-content\/uploads\/2024\/01\/Logo-Final.png","width":501,"height":183,"caption":"Adventure Tours Mallorca"},"image":{"@id":"https:\/\/at-mallorca.com\/#\/schema\/logo\/image\/"},"sameAs":["https:\/\/www.facebook.com\/AdventureToursMallorca","https:\/\/www.instagram.com\/adventuretoursmallorca\/"]}]}},"_links":{"self":[{"href":"https:\/\/at-mallorca.com\/es\/wp-json\/wp\/v2\/pages\/9527","targetHints":{"allow":["GET"]}}],"collection":[{"href":"https:\/\/at-mallorca.com\/es\/wp-json\/wp\/v2\/pages"}],"about":[{"href":"https:\/\/at-mallorca.com\/es\/wp-json\/wp\/v2\/types\/page"}],"author":[{"embeddable":true,"href":"https:\/\/at-mallorca.com\/es\/wp-json\/wp\/v2\/users\/1"}],"replies":[{"embeddable":true,"href":"https:\/\/at-mallorca.com\/es\/wp-json\/wp\/v2\/comments?post=9527"}],"version-history":[{"count":6,"href":"https:\/\/at-mallorca.com\/es\/wp-json\/wp\/v2\/pages\/9527\/revisions"}],"predecessor-version":[{"id":16420,"href":"https:\/\/at-mallorca.com\/es\/wp-json\/wp\/v2\/pages\/9527\/revisions\/16420"}],"wp:attachment":[{"href":"https:\/\/at-mallorca.com\/es\/wp-json\/wp\/v2\/media?parent=9527"}],"curies":[{"name":"wp","href":"https:\/\/api.w.org\/{rel}","templated":true}]}}